{"id":117,"date":"2016-10-03T11:28:28","date_gmt":"2016-10-03T09:28:28","guid":{"rendered":"http:\/\/www.jorisledain.com\/web\/?page_id=117"},"modified":"2026-03-26T09:56:31","modified_gmt":"2026-03-26T08:56:31","slug":"contact","status":"publish","type":"page","link":"https:\/\/www.jorisledain.com\/web\/contact\/","title":{"rendered":"Contact"},"content":{"rendered":"<p><img decoding=\"async\" class=\"alignright\" src=\"https:\/\/www.jorisledain.com\/web\/wp-content\/uploads\/2016\/10\/joris-le-dain-ombres-et-lumieres-huile-bois-689x1024.jpg\" alt=\"Joris LE DAIN - peintre illustrateur\" width=\"300\" \/><br \/>\nPour toute demande, vous pouvez me contacter<br \/>\nau <strong>06 58 88 97 77<\/strong><br \/>\nou par e-mail : <a href=\"mailto:ledain.joris@gmail.com\" target=\"_blank\" rel=\"noopener\"><u>ledain.joris@gmail.com<\/u><\/a><\/p>\n<p><a href=\"https:\/\/www.letelegramme.fr\/morbihan\/queven-56530\/a-queven-le-carton-a-dessin-expose-aux-arcs-samedi-et-dimanche-6843201.php\">Concernant<\/a> <a href=\"https:\/\/infolocale.ouest-france.fr\/associations\/organisme-association-le-carton-a-dessin-50061\">les<\/a> <a href=\"https:\/\/www.google.com\/search?q=cours+de+dessin+queven&amp;sca_esv=6b528a5c293e48d5&amp;udm=2&amp;biw=1280&amp;bih=585&amp;sxsrf=AE3TifNcxC59wDmk1CdBbQfNbRaIYeRO2g%3A1752840019075&amp;ei=Uzd6aKqkBI_0kdUPsobkmAs&amp;ved=0ahUKEwjqmb31rcaOAxUPeqQEHTIDGbMQ4dUDCBE&amp;uact=5&amp;oq=cours+de+dessin+queven&amp;gs_lp=EgNpbWciFmNvdXJzIGRlIGRlc3NpbiBxdWV2ZW4yBBAAGB5Irg5QuQNYkgxwAXgAkAEAmAGFAqABxQyqAQUwLjQuNLgBA8gBAPgBAZgCCKACiQvCAgUQABiABMICBhAAGAgYHsICBxAjGCcYyQLCAgYQABgFGB6YAwCIBgGSBwUxLjQuM6AH_yiyBwUwLjQuM7gH-grCBwUyLTYuMsgHOA&amp;sclient=img#vhid=Yqz2iRwfD42GtM&amp;vssid=mosaic\">cours<\/a> <a href=\"https:\/\/www.letelegramme.fr\/morbihan\/queven-56530\/a-queven-le-carton-a-dessin-compte-un-nouvel-animateur-6660194.php\">de<\/a> <a href=\"https:\/\/www.ouest-france.fr\/bretagne\/quimperle-29300\/quimperle-le-carton-a-dessin-s-affiche-dans-le-paysage-quimperlois-0df494f8-b036-11ec-9f52-9007df7fd1c9\">dessin<\/a> <a href=\"https:\/\/www.google.com\/search?q=cours+de+dessin+lorient&amp;sca_esv=6b528a5c293e48d5&amp;sxsrf=AE3TifPsplPkhNRtKW268tyPvE1xLh_QBQ%3A1752839955138&amp;ei=Ezd6aNOaCPGZkdUPzdrw0Aw&amp;ved=0ahUKEwiT8P7WrcaOAxXxTKQEHU0tHMoQ4dUDCBA&amp;uact=5&amp;oq=cours+de+dessin+lorient&amp;gs_lp=Egxnd3Mtd2l6LXNlcnAiF2NvdXJzIGRlIGRlc3NpbiBsb3JpZW50MgQQABhHMgQQABhHMgQQABhHMgQQABhHMgQQABhHMgQQABhHMgQQABhHMgQQABhHSIkFUIoDWIoDcAF4ApABAJgBAKABAKoBALgBA8gBAPgBAZgCAqACEsICChAAGLADGNYEGEeYAwDiAwUSATEgQIgGAZAGCJIHATKgBwCyBwC4BwDCBwUyLTEuMcgHDw&amp;sclient=gws-wiz-serp\">\u00e0<\/a> <a href=\"https:\/\/www.google.com\/search?q=cours+de+dessin+queven&amp;oq=cours+de+dessin+queven&amp;gs_lcrp=EgZjaHJvbWUqBggAEEUYOzIGCAAQRRg7MgoIARAAGIAEGKIEMgcIAhAAGO8FMgoIAxAAGIAEGKIEMgYIBBBFGDzSAQg0NDcyajBqNKgCALACAA&amp;sourceid=chrome&amp;ie=UTF-8\">Qu\u00e9ven<\/a> <a href=\"https:\/\/www.jorisledain.com\/web\/cours-de-dessin-peinture-a-queven-et-quimperle\/\">et<\/a> <a href=\"https:\/\/www.google.com\/search?q=cours+de+dessin+quimperle&amp;sca_esv=6b528a5c293e48d5&amp;sxsrf=AE3TifMLpw4y9WqWh3FMHq_8xOevNpdw6w%3A1752839957990&amp;ei=FTd6aKmUPJmnkdUPktuwoQs&amp;ved=0ahUKEwjp8qzYrcaOAxWZU6QEHZItLLQQ4dUDCBA&amp;uact=5&amp;oq=cours+de+dessin+quimperle&amp;gs_lp=Egxnd3Mtd2l6LXNlcnAiGWNvdXJzIGRlIGRlc3NpbiBxdWltcGVybGUyBBAjGCcyBhAAGBYYHjIIEAAYgAQYogRI9g9QiwNYoQxwAXgBkAEAmAGAA6ABjRGqAQcxLjMuMy4yuAEDyAEA-AEBmAIKoALkEcICChAAGLADGNYEGEfCAgUQABiABMICBRAAGO8FmAMAiAYBkAYIkgcHMS40LjIuM6AHzDuyBwcwLjQuMi4zuAfXEcIHBTItNS41yAdO&amp;sclient=gws-wiz-serp\">Quimperl\u00e9<\/a><a href=\"https:\/\/www.google.com\/search?sca_esv=6b528a5c293e48d5&amp;sxsrf=AE3TifMAFeJ3UZbk1cLZfYWm7vZZjmzlog:1752840121188&amp;q=cours+de+dessin+pays+de+lorient&amp;source=lnms&amp;fbs=AIIjpHx4nJjfGojPVHhEACUHPiMQ_pbg5bWizQs3A_kIenjtclZaCWQ2yYVOWcnHYc_MHE3VnMBj8K458S1BAxtYKJxjM8lV4oMyyobj90WyGWda_H6wi-VXYmG6LAFgQIwwpnWxZAlFkE3Wc0ernUdeOYwizVJAAt5ra9eNJI4SmQVlaalZLgPr7mB1UOQC8EfyCcEKaRuWfCx3ZHu5oLntsLcpFAM6tA&amp;sa=X&amp;ved=2ahUKEwjL5JWmrsaOAxXTU6QEHfAzLOwQ0pQJKAB6BAgUEAE&amp;biw=1280&amp;bih=585&amp;dpr=1.5\">:<\/a><\/p>\n<p><strong><a href=\"https:\/\/www.google.com\/search?q=cours+de+dessin+quimperle&amp;sca_esv=ded0a181c7cc7b88&amp;sxsrf=AE3TifPi6tnuu_WmJTfOkE3i-c9z1mcncA%3A1754235176382&amp;ei=KIGPaP-FF7aYkdUPl-LXoQI&amp;oq=cours+de+dessin+quIMP&amp;gs_lp=Egxnd3Mtd2l6LXNlcnAiFWNvdXJzIGRlIGRlc3NpbiBxdUlNUCoCCAAyBBAjGCcyBRAAGIAEMgUQABiABDIGEAAYFhgeMgYQABgWGB4yBhAAGBYYHjIGEAAYFhgeSNwRUKEDWI4KcAF4AZABAJgBsQOgAc8LqgEJMC4xLjEuMi4xuAEDyAEA-AEBmAIFoALQCMICChAAGLADGNYEGEeYAwCIBgGQBgKSBwcxLjEuMS4yoAeuIrIHBzAuMS4xLjK4B8gIwgcFMi0yLjPIByo&amp;sclient=gws-wiz-serp\">LE<\/a><a href=\"https:\/\/www.google.com\/search?q=cours+de+dessin+queven&amp;sca_esv=ded0a181c7cc7b88&amp;sxsrf=AE3TifN0iZwz-aIkFkFydvFutpmugPTIuw%3A1754235162587&amp;ei=GoGPaL3HI_qkkdUP8dTy4Qs&amp;oq=COURS+DE+D&amp;gs_lp=Egxnd3Mtd2l6LXNlcnAiCkNPVVJTIERFIEQqAggAMgQQIxgnMgQQIxgnMgQQIxgnMgoQABiABBhDGIoFMggQABiABBixAzIFEAAYgAQyChAAGIAEGEMYigUyChAAGIAEGEMYigUyBRAAGIAEMgoQABiABBhDGIoFSK4YUABYvQtwAHgBkAEAmAGzAqABkQ-qAQcwLjcuMi4xuAEDyAEA-AEBmAIKoAKVEMICChAuGIAEGCcYigXCAgoQABiABBgUGIcCwgIFEC4YgATCAhAQABiABBixAxhDGIMBGIoFwgINEAAYgAQYsQMYFBiHAsICChAuGIAEGEMYigXCAgoQIxiABBgnGIoFmAMAkgcHMC42LjMuMaAH12qyBwcwLjYuMy4xuAeVEMIHBDMtMTDIB3k&amp;sclient=gws-wiz-serp\"> CARTON<\/a> <a href=\"https:\/\/www.google.com\/search?q=LE+CARTON+A+DESSIN+-+COURS+DE+DESSIN&amp;sca_esv=ded0a181c7cc7b88&amp;sxsrf=AE3TifOxBJIvekWCAK38SxsmFYARE2ztZw%3A1754235157668&amp;ei=FYGPaPjDKPerkdUP3NHSsQo&amp;ved=0ahUKEwi4orOb--6OAxX3VaQEHdyoNKYQ4dUDCBA&amp;uact=5&amp;oq=LE+CARTON+A+DESSIN+-+COURS+DE+DESSIN&amp;gs_lp=Egxnd3Mtd2l6LXNlcnAiJExFIENBUlRPTiBBIERFU1NJTiAtIENPVVJTIERFIERFU1NJTjIFECEYoAEyBRAhGKABSMcJUPYCWKwHcAF4AZABAJgBrAKgAawCqgEDMy0xuAEDyAEA-AEBmAICoALAAsICChAAGLADGNYEGEeYAwCIBgGQBgKSBwUxLjMtMaAH0AKyBwMzLTG4B7QCwgcDMi0yyAcI&amp;sclient=gws-wiz-serp\">A<\/a> <a href=\"https:\/\/www.google.com\/search?q=LE+CARTON+A+DESSIN+-+COURS+DE+DESSIN+-+QUIMPERLE&amp;oq=LE+CA&amp;gs_lcrp=EgZjaHJvbWUqCAgAEEUYJxg7MggIABBFGCcYOzIGCAEQRRhAMgYIAhBFGDkyBggDEEUYOzIGCAQQRRg7MgYIBRBFGDwyBggGEEUYPDIGCAcQRRg80gEIMTU3N2owajeoAgCwAgA&amp;sourceid=chrome&amp;ie=UTF-8\">DESSIN<\/a><a href=\"https:\/\/www.google.com\/search?q=cours+de+dessin+LORIENT&amp;sca_esv=ded0a181c7cc7b88&amp;sxsrf=AE3TifNfJy0blwMGHoBZLoIgH83Q3JLf7w%3A1754235188180&amp;ei=NIGPaJDmCpmtkdUPkZS8yAc&amp;ved=0ahUKEwiQ0Pmp--6OAxWZVqQEHREKD3kQ4dUDCBA&amp;uact=5&amp;oq=cours+de+dessin+LORIENT&amp;gs_lp=Egxnd3Mtd2l6LXNlcnAiF2NvdXJzIGRlIGRlc3NpbiBMT1JJRU5UMg0QIxjwBRiABBgnGIoFMgYQABgWGB4yBhAAGBYYHjIGEAAYFhgeMgYQABgWGB4yBhAAGBYYHjIGEAAYFhgeMgUQABjvBTIIEAAYgAQYogQyBRAAGO8FSOgMUNsCWLIJcAF4AJABAZgBmgSgAfoRqgEJMi0zLjMuMC4xuAEDyAEA-AEBmAIHoAK6DsICCxAAGIAEGLADGKIEwgIEECMYJ8ICBRAAGIAEwgILEC4YgAQYxwEYrwGYAwCIBgGQBgKSBwkxLjAuMy4yLjGgB4tBsgcHMi0zLjIuMbgHsg7CBwUyLTEuNsgHUw&amp;sclient=gws-wiz-serp\">:<\/a><\/strong><\/p>\n<p><strong>06 58 88 97 77<\/strong><\/p>\n<p><strong><a href=\"mailto:lecartonadessin2956@gmail.com\">lecartonadessin2956@gmail.com<\/a><\/strong><\/p>\n<p>&#8230; \u00e0 bient\u00f4t !<\/p>\n","protected":false},"excerpt":{"rendered":"<p>Pour toute demande, vous pouvez me contacter au 06 58 88 97 77 ou par e-mail : ledain.joris@gmail.com Concernant les cours de dessin \u00e0 Qu\u00e9ven et Quimperl\u00e9: LE CARTON A DESSIN: 06 58 88 97 77 lecartonadessin2956@gmail.com &#8230; \u00e0 bient\u00f4t !<\/p>\n","protected":false},"author":1,"featured_media":0,"parent":0,"menu_order":0,"comment_status":"closed","ping_status":"closed","template":"","meta":{"footnotes":""},"class_list":["post-117","page","type-page","status-publish","hentry"],"_links":{"self":[{"href":"https:\/\/www.jorisledain.com\/web\/wp-json\/wp\/v2\/pages\/117","targetHints":{"allow":["GET"]}}],"collection":[{"href":"https:\/\/www.jorisledain.com\/web\/wp-json\/wp\/v2\/pages"}],"about":[{"href":"https:\/\/www.jorisledain.com\/web\/wp-json\/wp\/v2\/types\/page"}],"author":[{"embeddable":true,"href":"https:\/\/www.jorisledain.com\/web\/wp-json\/wp\/v2\/users\/1"}],"replies":[{"embeddable":true,"href":"https:\/\/www.jorisledain.com\/web\/wp-json\/wp\/v2\/comments?post=117"}],"version-history":[{"count":21,"href":"https:\/\/www.jorisledain.com\/web\/wp-json\/wp\/v2\/pages\/117\/revisions"}],"predecessor-version":[{"id":2160,"href":"https:\/\/www.jorisledain.com\/web\/wp-json\/wp\/v2\/pages\/117\/revisions\/2160"}],"wp:attachment":[{"href":"https:\/\/www.jorisledain.com\/web\/wp-json\/wp\/v2\/media?parent=117"}],"curies":[{"name":"wp","href":"https:\/\/api.w.org\/{rel}","templated":true}]}}